{"id":2745,"date":"2021-10-25T09:14:32","date_gmt":"2021-10-25T07:14:32","guid":{"rendered":"https:\/\/www.weare.fi\/?page_id=2745"},"modified":"2022-10-11T07:22:15","modified_gmt":"2022-10-11T05:22:15","slug":"corporate-responsibility","status":"publish","type":"page","link":"https:\/\/www.weare.fi\/en\/meista\/yritysvastuullisuus\/","title":{"rendered":"Corporate responsibility"},"content":{"rendered":"<div data-elementor-type=\"wp-page\" data-elementor-id=\"2745\" class=\"elementor elementor-2745\" data-elementor-settings=\"{&quot;ha_cmc_init_switcher&quot;:&quot;no&quot;}\" data-elementor-post-type=\"page\">\n\t\t\t\t\t\t<section class=\"elementor-section elementor-top-section elementor-element elementor-element-3641ccd elementor-section-height-min-height elementor-section-boxed elementor-section-height-default elementor-section-items-middle\" data-id=\"3641ccd\" data-element_type=\"section\" data-e-type=\"section\" data-settings=\"{&quot;background_background&quot;:&quot;classic&quot;,&quot;_ha_eqh_enable&quot;:false}\">\n\t\t\t\t\t\t<div class=\"elementor-container elementor-column-gap-default\">\n\t\t\t\t\t<div class=\"elementor-column elementor-col-100 elementor-top-column elementor-element elementor-element-d759a41\" data-id=\"d759a41\" data-element_type=\"column\" data-e-type=\"column\">\n\t\t\t<div class=\"elementor-widget-wrap elementor-element-populated\">\n\t\t\t\t\t\t<div class=\"elementor-element elementor-element-993abd7 elementor-widget elementor-widget-heading\" data-id=\"993abd7\" data-element_type=\"widget\" data-e-type=\"widget\" data-widget_type=\"heading.default\">\n\t\t\t\t<div class=\"elementor-widget-container\">\n\t\t\t\t\t<h1 class=\"elementor-heading-title elementor-size-default\">We strive for\n<br>responsible business<\/h1>\t\t\t\t<\/div>\n\t\t\t\t<\/div>\n\t\t\t\t\t<\/div>\n\t\t<\/div>\n\t\t\t\t\t<\/div>\n\t\t<\/section>\n\t\t\t\t<section class=\"elementor-section elementor-top-section elementor-element elementor-element-d6294ab elementor-section-boxed elementor-section-height-default elementor-section-height-default\" data-id=\"d6294ab\" data-element_type=\"section\" data-e-type=\"section\" data-settings=\"{&quot;_ha_eqh_enable&quot;:false}\">\n\t\t\t\t\t\t<div class=\"elementor-container elementor-column-gap-default\">\n\t\t\t\t\t<div class=\"elementor-column elementor-col-100 elementor-top-column elementor-element elementor-element-f9ddb30\" data-id=\"f9ddb30\" data-element_type=\"column\" data-e-type=\"column\">\n\t\t\t<div class=\"elementor-widget-wrap elementor-element-populated\">\n\t\t\t\t\t\t<section class=\"elementor-section elementor-inner-section elementor-element elementor-element-7fe6d72 elementor-section-boxed elementor-section-height-default elementor-section-height-default\" data-id=\"7fe6d72\" data-element_type=\"section\" data-e-type=\"section\" data-settings=\"{&quot;_ha_eqh_enable&quot;:false}\">\n\t\t\t\t\t\t<div class=\"elementor-container elementor-column-gap-default\">\n\t\t\t\t\t<div class=\"elementor-column elementor-col-50 elementor-inner-column elementor-element elementor-element-02270f0\" data-id=\"02270f0\" data-element_type=\"column\" data-e-type=\"column\">\n\t\t\t<div class=\"elementor-widget-wrap elementor-element-populated\">\n\t\t\t\t\t\t<div class=\"elementor-element elementor-element-67ae93a elementor-widget elementor-widget-spacer\" data-id=\"67ae93a\" data-element_type=\"widget\" data-e-type=\"widget\" data-widget_type=\"spacer.default\">\n\t\t\t\t<div class=\"elementor-widget-container\">\n\t\t\t\t\t\t\t<div class=\"elementor-spacer\">\n\t\t\t<div class=\"elementor-spacer-inner\"><\/div>\n\t\t<\/div>\n\t\t\t\t\t\t<\/div>\n\t\t\t\t<\/div>\n\t\t\t\t<div class=\"elementor-element elementor-element-6c22e86 elementor-widget elementor-widget-testimonial\" data-id=\"6c22e86\" data-element_type=\"widget\" data-e-type=\"widget\" data-widget_type=\"testimonial.default\">\n\t\t\t\t<div class=\"elementor-widget-container\">\n\t\t\t\t\t\t\t<div class=\"elementor-testimonial-wrapper\">\n\t\t\t\t\t\t\t<div class=\"elementor-testimonial-content\">\"We Are all responsible for each other, our society and environment\"<\/div>\n\t\t\t\n\t\t\t\t\t\t<div class=\"elementor-testimonial-meta\">\n\t\t\t\t<div class=\"elementor-testimonial-meta-inner\">\n\t\t\t\t\t\n\t\t\t\t\t\t\t\t\t\t<div class=\"elementor-testimonial-details\">\n\t\t\t\t\t\t\t\t\t\t\t\t\t\t<div class=\"elementor-testimonial-name\">Stefan Sundell<\/div>\n\t\t\t\t\t\t\t\t\t\t\t\t\t\t\t\t\t\t\t\t\t\t<div class=\"elementor-testimonial-job\">Chairman of the Board<\/div>\n\t\t\t\t\t\t\t\t\t\t\t\t\t<\/div>\n\t\t\t\t\t\t\t\t\t<\/div>\n\t\t\t<\/div>\n\t\t\t\t\t<\/div>\n\t\t\t\t\t\t<\/div>\n\t\t\t\t<\/div>\n\t\t\t\t<div class=\"elementor-element elementor-element-784864a elementor-widget elementor-widget-spacer\" data-id=\"784864a\" data-element_type=\"widget\" data-e-type=\"widget\" data-widget_type=\"spacer.default\">\n\t\t\t\t<div class=\"elementor-widget-container\">\n\t\t\t\t\t\t\t<div class=\"elementor-spacer\">\n\t\t\t<div class=\"elementor-spacer-inner\"><\/div>\n\t\t<\/div>\n\t\t\t\t\t\t<\/div>\n\t\t\t\t<\/div>\n\t\t\t\t<div class=\"elementor-element elementor-element-a802027 elementor-widget elementor-widget-text-editor\" data-id=\"a802027\" data-element_type=\"widget\" data-e-type=\"widget\" data-widget_type=\"text-editor.default\">\n\t\t\t\t<div class=\"elementor-widget-container\">\n\t\t\t\t\t\t\t\t\t<div class=\"vc_row wpb_row vc_row-fluid vc_row-o-equal-height vc_row-flex vc_row_1423180963\"><div class=\"wpb_column vc_column_container vc_col-sm-6\"><div class=\"vc_column-inner\"><div class=\"wpb_wrapper\"><div id=\"text-block-hO6qQGTuex\" class=\"sh-text-block\"><div class=\"panel-widget-style\"><p>We believe that great things come from small deeds and that everyone can personally contribute to the goals of sustainable development. We believe in this both as owners and as employees and that is why we have included corporate responsibility into our company strategy. We want to do our part to ensure the well-being of the environment and society as well as sustainable development.<\/p><p>Responsible employer and meaningful contribution in work are increasingly important issues for employees. Our goal for all our employees is to be proud of their work and workplace and also be a part of sustainable development through the company. We also work towards sustainable development through technology and new innovations.<\/p><p>We also promote the opportunities for our customers to operate in a way that supports sustainable development with our services. When WeAre and our employees are on a sustainable path, we believe that these together guarantee the long-term financial well-being of our company. This way, corporate responsibility can continue to be developed even better.<\/p><\/div><\/div><\/div><\/div><\/div><\/div>\t\t\t\t\t\t\t\t<\/div>\n\t\t\t\t<\/div>\n\t\t\t\t\t<\/div>\n\t\t<\/div>\n\t\t\t\t<div class=\"elementor-column elementor-col-50 elementor-inner-column elementor-element elementor-element-f294772\" data-id=\"f294772\" data-element_type=\"column\" data-e-type=\"column\" data-settings=\"{&quot;background_background&quot;:&quot;classic&quot;}\">\n\t\t\t<div class=\"elementor-widget-wrap elementor-element-populated\">\n\t\t\t\t\t\t<div class=\"elementor-element elementor-element-c462611 elementor-widget elementor-widget-image\" data-id=\"c462611\" data-element_type=\"widget\" data-e-type=\"widget\" data-widget_type=\"image.default\">\n\t\t\t\t<div class=\"elementor-widget-container\">\n\t\t\t\t\t\t\t\t\t\t\t\t\t\t\t<img fetchpriority=\"high\" decoding=\"async\" width=\"658\" height=\"1024\" src=\"https:\/\/www.weare.fi\/wp-content\/uploads\/2022\/01\/stefan_yritysvastuullisuus_s-658x1024.jpg\" class=\"attachment-large size-large wp-image-8667\" alt=\"\" srcset=\"https:\/\/www.weare.fi\/wp-content\/uploads\/2022\/01\/stefan_yritysvastuullisuus_s-658x1024.jpg 658w, https:\/\/www.weare.fi\/wp-content\/uploads\/2022\/01\/stefan_yritysvastuullisuus_s-193x300.jpg 193w, https:\/\/www.weare.fi\/wp-content\/uploads\/2022\/01\/stefan_yritysvastuullisuus_s-768x1195.jpg 768w, https:\/\/www.weare.fi\/wp-content\/uploads\/2022\/01\/stefan_yritysvastuullisuus_s-8x12.jpg 8w, https:\/\/www.weare.fi\/wp-content\/uploads\/2022\/01\/stefan_yritysvastuullisuus_s.jpg 900w\" sizes=\"(max-width: 658px) 100vw, 658px\" \/>\t\t\t\t\t\t\t\t\t\t\t\t\t\t\t<\/div>\n\t\t\t\t<\/div>\n\t\t\t\t\t<\/div>\n\t\t<\/div>\n\t\t\t\t\t<\/div>\n\t\t<\/section>\n\t\t\t\t<div class=\"elementor-element elementor-element-d31a5f5 elementor-widget elementor-widget-text-editor\" data-id=\"d31a5f5\" data-element_type=\"widget\" data-e-type=\"widget\" data-widget_type=\"text-editor.default\">\n\t\t\t\t<div class=\"elementor-widget-container\">\n\t\t\t\t\t\t\t\t\t<div class=\"vc_row wpb_row vc_row-fluid vc_row-o-equal-height vc_row-flex vc_row_1423180963\"><div class=\"wpb_column vc_column_container vc_col-sm-6\"><div class=\"vc_column-inner\"><div class=\"wpb_wrapper\"><div id=\"text-block-hO6qQGTuex\" class=\"sh-text-block\"><div class=\"panel-widget-style\"><div class=\"vc_row wpb_row vc_row-fluid vc_row-o-equal-height vc_row-flex vc_row_1423180963\"><div class=\"wpb_column vc_column_container vc_col-sm-6\"><div class=\"vc_column-inner\"><div class=\"wpb_wrapper\"><div id=\"text-block-hO6qQGTuex\" class=\"sh-text-block\"><div class=\"panel-widget-style\"><p>The following are our company values that are taken into account in all decision-making:<\/p><ul><li>Our employees have the opportunity to learn and improve in their job<\/li><li>Satisfied customers<\/li><li>Respect for the environment<\/li><li>Profitable growth<\/li><\/ul><p>Our responsibility goals reflect the values mentioned above and responsibility is an integral part of our company\u2019s values, strategy and corporate culture. This way, we ensure that all our employees, partners, customers and future employees respect these values. Together we will achieve more.<\/p><p>WeAre Solutions commissions an annual corporate responsibility report, which presents WeAre Solutions' sustainability goals, indicators and concrete development measures. Our goals support the Sustainable Development Goals in line with the UN Sustainable Development Goals, and in this way we challenge ourselves to commit to goals that are common to all of us.<\/p><\/div><\/div><\/div><\/div><\/div><\/div><\/div><\/div><\/div><\/div><\/div><\/div>\t\t\t\t\t\t\t\t<\/div>\n\t\t\t\t<\/div>\n\t\t\t\t<div class=\"elementor-element elementor-element-b75dcc0 elementor-widget elementor-widget-spacer\" data-id=\"b75dcc0\" data-element_type=\"widget\" data-e-type=\"widget\" data-widget_type=\"spacer.default\">\n\t\t\t\t<div class=\"elementor-widget-container\">\n\t\t\t\t\t\t\t<div class=\"elementor-spacer\">\n\t\t\t<div class=\"elementor-spacer-inner\"><\/div>\n\t\t<\/div>\n\t\t\t\t\t\t<\/div>\n\t\t\t\t<\/div>\n\t\t\t\t\t<\/div>\n\t\t<\/div>\n\t\t\t\t\t<\/div>\n\t\t<\/section>\n\t\t\t\t<\/div>","protected":false},"excerpt":{"rendered":"<p>Pyrimme vastuulliseen toimintaan \u201cMe kaikki otamme vastuun toisistamme, yhteiskunnastamme ja ymp\u00e4rist\u00f6st\u00e4mme!\u201d Stefan Sundell Hallituksen puheenjohtaja Me uskomme ett\u00e4 suuret asiat syntyv\u00e4t pienist\u00e4 teoista ja ett\u00e4 jokainen voi henkil\u00f6kohtaisesti vaikuttaa kest\u00e4v\u00e4n kehityksen tavoitteisiin. Uskomme t\u00e4h\u00e4n niin omistajina kuin ty\u00f6ntekij\u00f6in\u00e4 ja siksi olemme ottaneet yritysvastuullisuuden osaksi yrityksemme strategiaa. Haluamme tehd\u00e4 osuutemme sek\u00e4 yksil\u00f6in\u00e4 ett\u00e4 yrityksen\u00e4 ja varmistaa [&hellip;]<\/p>\n","protected":false},"author":2,"featured_media":11253,"parent":12675,"menu_order":0,"comment_status":"closed","ping_status":"closed","template":"elementor_header_footer","meta":{"_improvement_type_select":"improve_an_existing","_thumb_yes_seoaic":false,"_frame_yes_seoaic":false,"seoaic_generate_description":"","seoaic_improve_instructions_prompt":"","seoaic_rollback_content_improvement":"","seoaic_idea_thumbnail_generator":"","thumbnail_generated":false,"thumbnail_generate_prompt":"","seoaic_article_description":"","site-sidebar-layout":"no-sidebar","site-content-layout":"page-builder","ast-site-content-layout":"default","site-content-style":"default","site-sidebar-style":"default","ast-global-header-display":"","ast-banner-title-visibility":"","ast-main-header-display":"disabled","ast-hfb-above-header-display":"","ast-hfb-below-header-display":"","ast-hfb-mobile-header-display":"disabled","site-post-title":"disabled","ast-breadcrumbs-content":"disabled","ast-featured-img":"disabled","footer-sml-layout":"disabled","ast-disable-related-posts":"","theme-transparent-header-meta":"default","adv-header-id-meta":"","stick-header-meta":"","header-above-stick-meta":"","header-main-stick-meta":"","header-below-stick-meta":"","astra-migrate-meta-layouts":"default","ast-page-background-enabled":"default","ast-page-background-meta":{"desktop":{"background-color":"var(--ast-global-color-4)","background-image":"","background-repeat":"repeat","background-position":"center center","background-size":"auto","background-attachment":"scroll","background-type":"","background-media":"","overlay-type":"","overlay-color":"","overlay-opacity":"","overlay-gradient":""},"tablet":{"background-color":"","background-image":"","background-repeat":"repeat","background-position":"center center","background-size":"auto","background-attachment":"scroll","background-type":"","background-media":"","overlay-type":"","overlay-color":"","overlay-opacity":"","overlay-gradient":""},"mobile":{"background-color":"","background-image":"","background-repeat":"repeat","background-position":"center center","background-size":"auto","background-attachment":"scroll","background-type":"","background-media":"","overlay-type":"","overlay-color":"","overlay-opacity":"","overlay-gradient":""}},"ast-content-background-meta":{"desktop":{"background-color":"var(--ast-global-color-5)","background-image":"","background-repeat":"repeat","background-position":"center center","background-size":"auto","background-attachment":"scroll","background-type":"","background-media":"","overlay-type":"","overlay-color":"","overlay-opacity":"","overlay-gradient":""},"tablet":{"background-color":"var(--ast-global-color-5)","background-image":"","background-repeat":"repeat","background-position":"center center","background-size":"auto","background-attachment":"scroll","background-type":"","background-media":"","overlay-type":"","overlay-color":"","overlay-opacity":"","overlay-gradient":""},"mobile":{"background-color":"var(--ast-global-color-5)","background-image":"","background-repeat":"repeat","background-position":"center center","background-size":"auto","background-attachment":"scroll","background-type":"","background-media":"","overlay-type":"","overlay-color":"","overlay-opacity":"","overlay-gradient":""}},"footnotes":""},"class_list":["post-2745","page","type-page","status-publish","has-post-thumbnail","hentry"],"_links":{"self":[{"href":"https:\/\/www.weare.fi\/en\/wp-json\/wp\/v2\/pages\/2745","targetHints":{"allow":["GET"]}}],"collection":[{"href":"https:\/\/www.weare.fi\/en\/wp-json\/wp\/v2\/pages"}],"about":[{"href":"https:\/\/www.weare.fi\/en\/wp-json\/wp\/v2\/types\/page"}],"author":[{"embeddable":true,"href":"https:\/\/www.weare.fi\/en\/wp-json\/wp\/v2\/users\/2"}],"replies":[{"embeddable":true,"href":"https:\/\/www.weare.fi\/en\/wp-json\/wp\/v2\/comments?post=2745"}],"version-history":[{"count":42,"href":"https:\/\/www.weare.fi\/en\/wp-json\/wp\/v2\/pages\/2745\/revisions"}],"predecessor-version":[{"id":14920,"href":"https:\/\/www.weare.fi\/en\/wp-json\/wp\/v2\/pages\/2745\/revisions\/14920"}],"up":[{"embeddable":true,"href":"https:\/\/www.weare.fi\/en\/wp-json\/wp\/v2\/pages\/12675"}],"wp:featuredmedia":[{"embeddable":true,"href":"https:\/\/www.weare.fi\/en\/wp-json\/wp\/v2\/media\/11253"}],"wp:attachment":[{"href":"https:\/\/www.weare.fi\/en\/wp-json\/wp\/v2\/media?parent=2745"}],"curies":[{"name":"wp","href":"https:\/\/api.w.org\/{rel}","templated":true}]}}